{"id":280,"date":"2020-05-12T17:13:29","date_gmt":"2020-05-12T23:13:29","guid":{"rendered":"https:\/\/www.kalahsystem.mx\/cursos\/?page_id=280"},"modified":"2020-05-12T17:13:29","modified_gmt":"2020-05-12T23:13:29","slug":"terminos-y-condiciones","status":"publish","type":"page","link":"https:\/\/www.kalahsystem.mx\/cursos\/terminos-y-condiciones\/","title":{"rendered":"T\u00e9rminos y Condiciones"},"content":{"rendered":"<p style=\"text-align: justify;\">Declaro que: Yo como alumno me comprometo a respetar lo establecido en la correspondiente y dem\u00e1s lineamientos aplicables a los ENTRENAMIENTOS en defensa personal de KALAH SYSTEM M\u00c9XICO que se llevar\u00e1n a cabo en este curso digital.<\/p>\n<p style=\"text-align: justify;\">Estoy completamente consciente de que realizar ESTAS actividades de DEFENA PERSONAL implica un riesgo de accidentes y\/o lesiones. Doy fe de que yo, me encuentro en excelentes condiciones f\u00edsicas y puedo participar en todas las actividades f\u00edsicas relacionadas con KALAH SYSTEM; as\u00ed mismo, dado que me est\u00e1n guiando paso a paso a mi tiempo y a mi ritmo, estoy de acuerdo de asumir la completa responsabilidad y riesgo de cualquier lesi\u00f3n que pueda resultar de mi participaci\u00f3n en este curso digital, En caso de tener\u00a0 una situaci\u00f3n m\u00e9dica relacionada con mi salud preexistente como alergias, enfermedad, etc. que potencialmente me pudiera prohibir o limitar mi participaci\u00f3n en estas actividades, declaro que dichos padecimientos ser\u00e1n previamente analizados y autorizados por un m\u00e9dico especialista.<\/p>\n<p style=\"text-align: justify;\">Adicionalmente, eximo, deslindo y estoy de acuerdo en no levantar ninguna demanda por ninguna causa a ninguno de los participantes o Staff de KALAH SYSTEM M\u00c9XICO, ni a ninguno de sus empleados, oficiales, contratantes, socios, agentes, afiliados, voluntarios;\u00a0 por cualquier lesi\u00f3n personal, muerte accidental o cualquier otra situaci\u00f3n que pueda resultar de mi participaci\u00f3n en este curso digital de\u00a0 KALA SYSTEM MEXICO (y que posiblemente haya podido ser causada por negligencia de alguna de las partes mencionadas en este p\u00e1rrafo en cualquier momento que haya sucedido).<\/p>\n<p style=\"text-align: justify;\">Juro ser la persona\u00a0 que esta obteniendo el curso digital de KALAH SYSTEM M\u00c9XICO. Estoy de acuerdo con los t\u00e9rminos y condiciones de esta carta responsiva y que estoy sujeto a los mismos. Soy mayor de edad y estoy firmando este documento libremente y de mi propia voluntad, sin la coerci\u00f3n de otras personas o instituciones. Adicionalmente, entiendo que el practicar deporte o actividades f\u00edsicas viene con un riesgo relacionado de lesiones personales o da\u00f1os a instalaciones. Con respecto a lo mismo, voluntariamente tomar\u00e9 las medidas necesarias y\u00a0 estoy de acuerdo en asumir dicho riesgo y responsabilidad completamente de cualquier lesi\u00f3n y da\u00f1o que resulte de mi participaci\u00f3n.<\/p>\n<p style=\"text-align: justify;\"><strong>He le\u00eddo el documento y acepto las condiciones.<\/strong><\/p>\n","protected":false},"excerpt":{"rendered":"<p>Declaro que: Yo como alumno me comprometo a respetar lo establecido en la correspondiente y dem\u00e1s lineamientos aplicables a los ENTRENAMIENTOS en defensa personal de KALAH SYSTEM M\u00c9XICO que se llevar\u00e1n a cabo en este curso digital. Estoy completamente consciente de que realizar ESTAS actividades de DEFENA PERSONAL implica un riesgo de accidentes y\/o lesiones.&hellip;<\/p>\n","protected":false},"author":1,"featured_media":0,"parent":0,"menu_order":0,"comment_status":"closed","ping_status":"closed","template":"","meta":{"pmpro_default_level":"","_joinchat":[],"footnotes":""},"class_list":["post-280","page","type-page","status-publish","hentry","pmpro-has-access","description-off"],"yoast_head":"<!-- This site is optimized with the Yoast SEO plugin v26.6 - https:\/\/yoast.com\/wordpress\/plugins\/seo\/ -->\n<title>T\u00e9rminos y Condiciones - Kalah System MX Cursos<\/title>\n<meta name=\"robots\" content=\"index, follow, max-snippet:-1, max-image-preview:large, max-video-preview:-1\" \/>\n<link rel=\"canonical\" href=\"https:\/\/www.kalahsystem.mx\/cursos\/terminos-y-condiciones\/\" \/>\n<meta property=\"og:locale\" content=\"es_ES\" \/>\n<meta property=\"og:type\" content=\"article\" \/>\n<meta property=\"og:title\" content=\"T\u00e9rminos y Condiciones - Kalah System MX Cursos\" \/>\n<meta property=\"og:description\" content=\"Declaro que: Yo como alumno me comprometo a respetar lo establecido en la correspondiente y dem\u00e1s lineamientos aplicables a los ENTRENAMIENTOS en defensa personal de KALAH SYSTEM M\u00c9XICO que se llevar\u00e1n a cabo en este curso digital. Estoy completamente consciente de que realizar ESTAS actividades de DEFENA PERSONAL implica un riesgo de accidentes y\/o lesiones.&hellip;\" \/>\n<meta property=\"og:url\" content=\"https:\/\/www.kalahsystem.mx\/cursos\/terminos-y-condiciones\/\" \/>\n<meta property=\"og:site_name\" content=\"Kalah System MX Cursos\" \/>\n<meta name=\"twitter:card\" content=\"summary_large_image\" \/>\n<meta name=\"twitter:label1\" content=\"Tiempo de lectura\" \/>\n\t<meta name=\"twitter:data1\" content=\"2 minutos\" \/>\n<script type=\"application\/ld+json\" class=\"yoast-schema-graph\">{\"@context\":\"https:\/\/schema.org\",\"@graph\":[{\"@type\":\"WebPage\",\"@id\":\"https:\/\/www.kalahsystem.mx\/cursos\/terminos-y-condiciones\/\",\"url\":\"https:\/\/www.kalahsystem.mx\/cursos\/terminos-y-condiciones\/\",\"name\":\"T\u00e9rminos y Condiciones - Kalah System MX Cursos\",\"isPartOf\":{\"@id\":\"https:\/\/www.kalahsystem.mx\/cursos\/#website\"},\"datePublished\":\"2020-05-12T23:13:29+00:00\",\"breadcrumb\":{\"@id\":\"https:\/\/www.kalahsystem.mx\/cursos\/terminos-y-condiciones\/#breadcrumb\"},\"inLanguage\":\"es\",\"potentialAction\":[{\"@type\":\"ReadAction\",\"target\":[\"https:\/\/www.kalahsystem.mx\/cursos\/terminos-y-condiciones\/\"]}]},{\"@type\":\"BreadcrumbList\",\"@id\":\"https:\/\/www.kalahsystem.mx\/cursos\/terminos-y-condiciones\/#breadcrumb\",\"itemListElement\":[{\"@type\":\"ListItem\",\"position\":1,\"name\":\"Portada\",\"item\":\"https:\/\/www.kalahsystem.mx\/cursos\/\"},{\"@type\":\"ListItem\",\"position\":2,\"name\":\"T\u00e9rminos y Condiciones\"}]},{\"@type\":\"WebSite\",\"@id\":\"https:\/\/www.kalahsystem.mx\/cursos\/#website\",\"url\":\"https:\/\/www.kalahsystem.mx\/cursos\/\",\"name\":\"Kalah System MX Cursos\",\"description\":\"\",\"potentialAction\":[{\"@type\":\"SearchAction\",\"target\":{\"@type\":\"EntryPoint\",\"urlTemplate\":\"https:\/\/www.kalahsystem.mx\/cursos\/?s={search_term_string}\"},\"query-input\":{\"@type\":\"PropertyValueSpecification\",\"valueRequired\":true,\"valueName\":\"search_term_string\"}}],\"inLanguage\":\"es\"}]}<\/script>\n<!-- \/ Yoast SEO plugin. -->","yoast_head_json":{"title":"T\u00e9rminos y Condiciones - Kalah System MX Cursos","robots":{"index":"index","follow":"follow","max-snippet":"max-snippet:-1","max-image-preview":"max-image-preview:large","max-video-preview":"max-video-preview:-1"},"canonical":"https:\/\/www.kalahsystem.mx\/cursos\/terminos-y-condiciones\/","og_locale":"es_ES","og_type":"article","og_title":"T\u00e9rminos y Condiciones - Kalah System MX Cursos","og_description":"Declaro que: Yo como alumno me comprometo a respetar lo establecido en la correspondiente y dem\u00e1s lineamientos aplicables a los ENTRENAMIENTOS en defensa personal de KALAH SYSTEM M\u00c9XICO que se llevar\u00e1n a cabo en este curso digital. Estoy completamente consciente de que realizar ESTAS actividades de DEFENA PERSONAL implica un riesgo de accidentes y\/o lesiones.&hellip;","og_url":"https:\/\/www.kalahsystem.mx\/cursos\/terminos-y-condiciones\/","og_site_name":"Kalah System MX Cursos","twitter_card":"summary_large_image","twitter_misc":{"Tiempo de lectura":"2 minutos"},"schema":{"@context":"https:\/\/schema.org","@graph":[{"@type":"WebPage","@id":"https:\/\/www.kalahsystem.mx\/cursos\/terminos-y-condiciones\/","url":"https:\/\/www.kalahsystem.mx\/cursos\/terminos-y-condiciones\/","name":"T\u00e9rminos y Condiciones - Kalah System MX Cursos","isPartOf":{"@id":"https:\/\/www.kalahsystem.mx\/cursos\/#website"},"datePublished":"2020-05-12T23:13:29+00:00","breadcrumb":{"@id":"https:\/\/www.kalahsystem.mx\/cursos\/terminos-y-condiciones\/#breadcrumb"},"inLanguage":"es","potentialAction":[{"@type":"ReadAction","target":["https:\/\/www.kalahsystem.mx\/cursos\/terminos-y-condiciones\/"]}]},{"@type":"BreadcrumbList","@id":"https:\/\/www.kalahsystem.mx\/cursos\/terminos-y-condiciones\/#breadcrumb","itemListElement":[{"@type":"ListItem","position":1,"name":"Portada","item":"https:\/\/www.kalahsystem.mx\/cursos\/"},{"@type":"ListItem","position":2,"name":"T\u00e9rminos y Condiciones"}]},{"@type":"WebSite","@id":"https:\/\/www.kalahsystem.mx\/cursos\/#website","url":"https:\/\/www.kalahsystem.mx\/cursos\/","name":"Kalah System MX Cursos","description":"","potentialAction":[{"@type":"SearchAction","target":{"@type":"EntryPoint","urlTemplate":"https:\/\/www.kalahsystem.mx\/cursos\/?s={search_term_string}"},"query-input":{"@type":"PropertyValueSpecification","valueRequired":true,"valueName":"search_term_string"}}],"inLanguage":"es"}]}},"_links":{"self":[{"href":"https:\/\/www.kalahsystem.mx\/cursos\/wp-json\/wp\/v2\/pages\/280","targetHints":{"allow":["GET"]}}],"collection":[{"href":"https:\/\/www.kalahsystem.mx\/cursos\/wp-json\/wp\/v2\/pages"}],"about":[{"href":"https:\/\/www.kalahsystem.mx\/cursos\/wp-json\/wp\/v2\/types\/page"}],"author":[{"embeddable":true,"href":"https:\/\/www.kalahsystem.mx\/cursos\/wp-json\/wp\/v2\/users\/1"}],"replies":[{"embeddable":true,"href":"https:\/\/www.kalahsystem.mx\/cursos\/wp-json\/wp\/v2\/comments?post=280"}],"version-history":[{"count":1,"href":"https:\/\/www.kalahsystem.mx\/cursos\/wp-json\/wp\/v2\/pages\/280\/revisions"}],"predecessor-version":[{"id":281,"href":"https:\/\/www.kalahsystem.mx\/cursos\/wp-json\/wp\/v2\/pages\/280\/revisions\/281"}],"wp:attachment":[{"href":"https:\/\/www.kalahsystem.mx\/cursos\/wp-json\/wp\/v2\/media?parent=280"}],"curies":[{"name":"wp","href":"https:\/\/api.w.org\/{rel}","templated":true}]}}