{"id":952,"date":"2025-09-22T22:19:17","date_gmt":"2025-09-23T04:19:17","guid":{"rendered":"https:\/\/www.kalahsystem.mx\/cursos\/registro-de-estudiante\/"},"modified":"2025-09-30T18:49:26","modified_gmt":"2025-10-01T00:49:26","slug":"registro-de-estudiante","status":"publish","type":"page","link":"https:\/\/www.kalahsystem.mx\/cursos\/registro-de-estudiante\/","title":{"rendered":"Registro de Estudiante"},"content":{"rendered":"\n\n\t<div id=\"tutor-registration-wrap\">\n\n\t\t\n\t\t<form method=\"post\" enctype=\"multipart\/form-data\" id=\"tutor-registration-form\">\n\t\t\t<input type=\"hidden\" name=\"tutor_course_enroll_attempt\" value=\"\">\n\t\t\t\n\t\t\t<input type=\"hidden\" id=\"_tutor_nonce\" name=\"_tutor_nonce\" value=\"ab2cabf255\" \/><input type=\"hidden\" name=\"_wp_http_referer\" value=\"\/cursos\/wp-json\/wp\/v2\/pages\/952\" \/>\t\t\t<input type=\"hidden\" value=\"tutor_register_student\" name=\"tutor_action\"\/>\n\n\t\t\t\n\t\t\t<div class=\"tutor-form-row\">\n\t\t\t\t<div class=\"tutor-form-col-6\">\n\t\t\t\t\t<div class=\"tutor-form-group\">\n\t\t\t\t\t\t<label>\n\t\t\t\t\t\t\tNombre\t\t\t\t\t\t<\/label>\n\n\t\t\t\t\t\t<input type=\"text\" name=\"first_name\" value=\"\" placeholder=\"Nombre\" required autocomplete=\"given-name\">\n\t\t\t\t\t<\/div>\n\t\t\t\t<\/div>\n\n\t\t\t\t<div class=\"tutor-form-col-6\">\n\t\t\t\t\t<div class=\"tutor-form-group\">\n\t\t\t\t\t\t<label>\n\t\t\t\t\t\t\tApellidos\t\t\t\t\t\t<\/label>\n\n\t\t\t\t\t\t<input type=\"text\" name=\"last_name\" value=\"\" placeholder=\"Apellidos\" required autocomplete=\"family-name\">\n\t\t\t\t\t<\/div>\n\t\t\t\t<\/div>\n\n\t\t\t<\/div>\n\n\t\t\t<div class=\"tutor-form-row\">\n\t\t\t\t<div class=\"tutor-form-col-6\">\n\t\t\t\t\t<div class=\"tutor-form-group\">\n\t\t\t\t\t\t<label>\n\t\t\t\t\t\t\tNombre de usuario\t\t\t\t\t\t<\/label>\n\n\t\t\t\t\t\t<input type=\"text\" name=\"user_login\" class=\"tutor_user_name\" value=\"\" placeholder=\"Nombre de usuario\" required autocomplete=\"username\">\n\t\t\t\t\t<\/div>\n\t\t\t\t<\/div>\n\n\t\t\t\t<div class=\"tutor-form-col-6\">\n\t\t\t\t\t<div class=\"tutor-form-group\">\n\t\t\t\t\t\t<label>\n\t\t\t\t\t\t\tCorreo electr\u00f3nico\t\t\t\t\t\t<\/label>\n\n\t\t\t\t\t\t<input type=\"text\" name=\"email\" value=\"\" placeholder=\"Correo electr\u00f3nico\" required autocomplete=\"email\">\n\t\t\t\t\t<\/div>\n\t\t\t\t<\/div>\n\n\t\t\t<\/div>\n\n\t\t\t<div class=\"tutor-form-row\">\n\t\t\t\t<div class=\"tutor-form-col-6\">\n\t\t\t\t\t<div class=\"tutor-form-group\">\n\t\t\t\t\t\t<div class=\"tutor-password-strength-checker\">\n\t\t\t\t\t\t\t<div class=\"tutor-password-field\">\n\t\t\t\t\t\t\t\t<label>\n\t\t\t\t\t\t\t\t\tContrase\u00f1a\t\t\t\t\t\t\t\t<\/label>\n\n\t\t\t\t\t\t\t\t<input class=\"password-checker\" id=\"tutor-new-password\" type=\"password\" name=\"password\" value=\"\" placeholder=\"Contrase\u00f1a\" required autocomplete=\"new-password\" style=\"margin-bottom: 0;\">\n\t\t\t\t\t\t\t\t<span class=\"show-hide-btn\"><\/span>\n\t\t\t\t\t\t\t<\/div>\n\n\t\t\t\t\t\t\t<div class=\"tutor-password-strength-hint\">\n\t\t\t\t\t\t\t\t<div class=\"indicator\">\n\t\t\t\t\t\t\t\t\t<span class=\"weak\"><\/span>\n\t\t\t\t\t\t\t\t\t<span class=\"medium\"><\/span>\n\t\t\t\t\t\t\t\t\t<span class=\"strong\"><\/span>\n\t\t\t\t\t\t\t\t<\/div>\n\t\t\t\t\t\t\t\t<div class=\"text tutor-fs-7 tutor-color-muted\"><\/div>\n\t\t\t\t\t\t\t<\/div>\n\t\t\t\t\t\t<\/div>\n\t\t\t\t\t<\/div>\n\t\t\t\t<\/div>\n\n\t\t\t\t<div class=\"tutor-form-col-6\">\n\t\t\t\t\t<div class=\"tutor-form-group\">\n\t\t\t\t\t\t<label>\n\t\t\t\t\t\t\tConfirmaci\u00f3n de contrase\u00f1a\t\t\t\t\t\t<\/label>\n\n\t\t\t\t\t\t<div class=\"tutor-form-wrap\">\n\t\t\t\t\t\t\t<span class=\"tutor-validation-icon tutor-icon-mark tutor-color-success tutor-form-icon tutor-form-icon-reverse\" style=\"display: none;\"><\/span>\n\t\t\t\t\t\t\t<input type=\"password\" name=\"password_confirmation\" value=\"\" placeholder=\"Confirmaci\u00f3n de contrase\u00f1a\" required autocomplete=\"new-password\" style=\"margin-bottom: 0;\">\n\t\t\t\t\t\t<\/div>\n\t\t\t\t\t<\/div>\n\t\t\t\t<\/div>\n\t\t\t<\/div>\n\n\n\t\t\t<div class=\"tutor-form-row\">\n\t\t\t\t<div class=\"tutor-form-col-12\">\n\t\t\t\t\t<div class=\"tutor-form-group\">\n\t\t\t\t\t\t\t\t\t\t<\/div>\n\t\t\t\t<\/div>\n\t\t\t<\/div>    \n\n\t\t\t\n\t\t\t\t\t\t\t\t\t\t<div class=\"tutor-mb-24\">\n\t\t\t\t\tAl registrarme, acepto las condiciones del sitio web. <a target=\"_blank\" href=\"https:\/\/www.kalahsystem.mx\/cursos\/terminos-y-condiciones\/\" title=\"T\u00e9rminos y condiciones\">T\u00e9rminos y condiciones<\/a>\n\t\t\t\t<\/div>\n\t\t\t\n\t\t\t<div>\n\t\t\t\t<button type=\"submit\" name=\"tutor_register_student_btn\" value=\"register\" class=\"tutor-btn tutor-btn-primary tutor-btn-block\">Reg\u00edstrate<\/button>\n\t\t\t<\/div>\n\t\t\t\t\t\t\n\t\t<\/form>\n\t\t\t\t<style>\n\t\t\t#tutor-pro-twitter-login {\n\t\t\t\twidth: 400px; background-color: #00acee; border-color: #00acee; font-weight: bold;\n\t\t\t}\n\t\t<\/style>\n\t\t<div id=\"tutor-pro-social-authentication\" class=\"tutor-pt-24 tutor-d-flex tutor-flex-column tutor-align-center tutor-border-top-light\" style=\"gap: 10px;\">\n\t\t\t\t\t<\/div>\n\t\t\t\t\n\t<\/div>\n\t","protected":false},"excerpt":{"rendered":"<p>Nombre Apellidos Nombre de usuario Correo electr\u00f3nico Contrase\u00f1a Confirmaci\u00f3n de contrase\u00f1a Al registrarme, acepto las condiciones del sitio web. T\u00e9rminos y condiciones Reg\u00edstrate<\/p>\n","protected":false},"author":7,"featured_media":278,"parent":0,"menu_order":0,"comment_status":"closed","ping_status":"closed","template":"","meta":{"pmpro_default_level":"","_joinchat":[],"footnotes":""},"class_list":["post-952","page","type-page","status-publish","has-post-thumbnail","hentry","pmpro-has-access","description-off"],"yoast_head":"<!-- This site is optimized with the Yoast SEO plugin v26.6 - https:\/\/yoast.com\/wordpress\/plugins\/seo\/ -->\n<title>Registro de Estudiante - Kalah System MX Cursos<\/title>\n<meta name=\"robots\" content=\"index, follow, max-snippet:-1, max-image-preview:large, max-video-preview:-1\" \/>\n<link rel=\"canonical\" href=\"https:\/\/www.kalahsystem.mx\/cursos\/registro-de-estudiante\/\" \/>\n<meta property=\"og:locale\" content=\"es_ES\" \/>\n<meta property=\"og:type\" content=\"article\" \/>\n<meta property=\"og:title\" content=\"Registro de Estudiante - Kalah System MX Cursos\" \/>\n<meta property=\"og:description\" content=\"Nombre Apellidos Nombre de usuario Correo electr\u00f3nico Contrase\u00f1a Confirmaci\u00f3n de contrase\u00f1a Al registrarme, acepto las condiciones del sitio web. T\u00e9rminos y condiciones Reg\u00edstrate\" \/>\n<meta property=\"og:url\" content=\"https:\/\/www.kalahsystem.mx\/cursos\/registro-de-estudiante\/\" \/>\n<meta property=\"og:site_name\" content=\"Kalah System MX Cursos\" \/>\n<meta property=\"article:modified_time\" content=\"2025-10-01T00:49:26+00:00\" \/>\n<meta property=\"og:image\" content=\"https:\/\/www.kalahsystem.mx\/cursos\/wp-content\/uploads\/2020\/05\/curso-digital-de-defensa-personal-kalah-system-mexico.jpg\" \/>\n\t<meta property=\"og:image:width\" content=\"838\" \/>\n\t<meta property=\"og:image:height\" content=\"406\" \/>\n\t<meta property=\"og:image:type\" content=\"image\/jpeg\" \/>\n<meta name=\"twitter:card\" content=\"summary_large_image\" \/>\n<meta name=\"twitter:label1\" content=\"Tiempo de lectura\" \/>\n\t<meta name=\"twitter:data1\" content=\"1 minuto\" \/>\n<script type=\"application\/ld+json\" class=\"yoast-schema-graph\">{\"@context\":\"https:\/\/schema.org\",\"@graph\":[{\"@type\":\"WebPage\",\"@id\":\"https:\/\/www.kalahsystem.mx\/cursos\/registro-de-estudiante\/\",\"url\":\"https:\/\/www.kalahsystem.mx\/cursos\/registro-de-estudiante\/\",\"name\":\"Registro de Estudiante - Kalah System MX Cursos\",\"isPartOf\":{\"@id\":\"https:\/\/www.kalahsystem.mx\/cursos\/#website\"},\"primaryImageOfPage\":{\"@id\":\"https:\/\/www.kalahsystem.mx\/cursos\/registro-de-estudiante\/#primaryimage\"},\"image\":{\"@id\":\"https:\/\/www.kalahsystem.mx\/cursos\/registro-de-estudiante\/#primaryimage\"},\"thumbnailUrl\":\"https:\/\/www.kalahsystem.mx\/cursos\/wp-content\/uploads\/2020\/05\/curso-digital-de-defensa-personal-kalah-system-mexico.jpg\",\"datePublished\":\"2025-09-23T04:19:17+00:00\",\"dateModified\":\"2025-10-01T00:49:26+00:00\",\"breadcrumb\":{\"@id\":\"https:\/\/www.kalahsystem.mx\/cursos\/registro-de-estudiante\/#breadcrumb\"},\"inLanguage\":\"es\",\"potentialAction\":[{\"@type\":\"ReadAction\",\"target\":[\"https:\/\/www.kalahsystem.mx\/cursos\/registro-de-estudiante\/\"]}]},{\"@type\":\"ImageObject\",\"inLanguage\":\"es\",\"@id\":\"https:\/\/www.kalahsystem.mx\/cursos\/registro-de-estudiante\/#primaryimage\",\"url\":\"https:\/\/www.kalahsystem.mx\/cursos\/wp-content\/uploads\/2020\/05\/curso-digital-de-defensa-personal-kalah-system-mexico.jpg\",\"contentUrl\":\"https:\/\/www.kalahsystem.mx\/cursos\/wp-content\/uploads\/2020\/05\/curso-digital-de-defensa-personal-kalah-system-mexico.jpg\",\"width\":838,\"height\":406},{\"@type\":\"BreadcrumbList\",\"@id\":\"https:\/\/www.kalahsystem.mx\/cursos\/registro-de-estudiante\/#breadcrumb\",\"itemListElement\":[{\"@type\":\"ListItem\",\"position\":1,\"name\":\"Portada\",\"item\":\"https:\/\/www.kalahsystem.mx\/cursos\/\"},{\"@type\":\"ListItem\",\"position\":2,\"name\":\"Registro de Estudiante\"}]},{\"@type\":\"WebSite\",\"@id\":\"https:\/\/www.kalahsystem.mx\/cursos\/#website\",\"url\":\"https:\/\/www.kalahsystem.mx\/cursos\/\",\"name\":\"Kalah System MX Cursos\",\"description\":\"\",\"potentialAction\":[{\"@type\":\"SearchAction\",\"target\":{\"@type\":\"EntryPoint\",\"urlTemplate\":\"https:\/\/www.kalahsystem.mx\/cursos\/?s={search_term_string}\"},\"query-input\":{\"@type\":\"PropertyValueSpecification\",\"valueRequired\":true,\"valueName\":\"search_term_string\"}}],\"inLanguage\":\"es\"}]}<\/script>\n<!-- \/ Yoast SEO plugin. -->","yoast_head_json":{"title":"Registro de Estudiante - Kalah System MX Cursos","robots":{"index":"index","follow":"follow","max-snippet":"max-snippet:-1","max-image-preview":"max-image-preview:large","max-video-preview":"max-video-preview:-1"},"canonical":"https:\/\/www.kalahsystem.mx\/cursos\/registro-de-estudiante\/","og_locale":"es_ES","og_type":"article","og_title":"Registro de Estudiante - Kalah System MX Cursos","og_description":"Nombre Apellidos Nombre de usuario Correo electr\u00f3nico Contrase\u00f1a Confirmaci\u00f3n de contrase\u00f1a Al registrarme, acepto las condiciones del sitio web. T\u00e9rminos y condiciones Reg\u00edstrate","og_url":"https:\/\/www.kalahsystem.mx\/cursos\/registro-de-estudiante\/","og_site_name":"Kalah System MX Cursos","article_modified_time":"2025-10-01T00:49:26+00:00","og_image":[{"width":838,"height":406,"url":"https:\/\/www.kalahsystem.mx\/cursos\/wp-content\/uploads\/2020\/05\/curso-digital-de-defensa-personal-kalah-system-mexico.jpg","type":"image\/jpeg"}],"twitter_card":"summary_large_image","twitter_misc":{"Tiempo de lectura":"1 minuto"},"schema":{"@context":"https:\/\/schema.org","@graph":[{"@type":"WebPage","@id":"https:\/\/www.kalahsystem.mx\/cursos\/registro-de-estudiante\/","url":"https:\/\/www.kalahsystem.mx\/cursos\/registro-de-estudiante\/","name":"Registro de Estudiante - Kalah System MX Cursos","isPartOf":{"@id":"https:\/\/www.kalahsystem.mx\/cursos\/#website"},"primaryImageOfPage":{"@id":"https:\/\/www.kalahsystem.mx\/cursos\/registro-de-estudiante\/#primaryimage"},"image":{"@id":"https:\/\/www.kalahsystem.mx\/cursos\/registro-de-estudiante\/#primaryimage"},"thumbnailUrl":"https:\/\/www.kalahsystem.mx\/cursos\/wp-content\/uploads\/2020\/05\/curso-digital-de-defensa-personal-kalah-system-mexico.jpg","datePublished":"2025-09-23T04:19:17+00:00","dateModified":"2025-10-01T00:49:26+00:00","breadcrumb":{"@id":"https:\/\/www.kalahsystem.mx\/cursos\/registro-de-estudiante\/#breadcrumb"},"inLanguage":"es","potentialAction":[{"@type":"ReadAction","target":["https:\/\/www.kalahsystem.mx\/cursos\/registro-de-estudiante\/"]}]},{"@type":"ImageObject","inLanguage":"es","@id":"https:\/\/www.kalahsystem.mx\/cursos\/registro-de-estudiante\/#primaryimage","url":"https:\/\/www.kalahsystem.mx\/cursos\/wp-content\/uploads\/2020\/05\/curso-digital-de-defensa-personal-kalah-system-mexico.jpg","contentUrl":"https:\/\/www.kalahsystem.mx\/cursos\/wp-content\/uploads\/2020\/05\/curso-digital-de-defensa-personal-kalah-system-mexico.jpg","width":838,"height":406},{"@type":"BreadcrumbList","@id":"https:\/\/www.kalahsystem.mx\/cursos\/registro-de-estudiante\/#breadcrumb","itemListElement":[{"@type":"ListItem","position":1,"name":"Portada","item":"https:\/\/www.kalahsystem.mx\/cursos\/"},{"@type":"ListItem","position":2,"name":"Registro de Estudiante"}]},{"@type":"WebSite","@id":"https:\/\/www.kalahsystem.mx\/cursos\/#website","url":"https:\/\/www.kalahsystem.mx\/cursos\/","name":"Kalah System MX Cursos","description":"","potentialAction":[{"@type":"SearchAction","target":{"@type":"EntryPoint","urlTemplate":"https:\/\/www.kalahsystem.mx\/cursos\/?s={search_term_string}"},"query-input":{"@type":"PropertyValueSpecification","valueRequired":true,"valueName":"search_term_string"}}],"inLanguage":"es"}]}},"_links":{"self":[{"href":"https:\/\/www.kalahsystem.mx\/cursos\/wp-json\/wp\/v2\/pages\/952","targetHints":{"allow":["GET"]}}],"collection":[{"href":"https:\/\/www.kalahsystem.mx\/cursos\/wp-json\/wp\/v2\/pages"}],"about":[{"href":"https:\/\/www.kalahsystem.mx\/cursos\/wp-json\/wp\/v2\/types\/page"}],"author":[{"embeddable":true,"href":"https:\/\/www.kalahsystem.mx\/cursos\/wp-json\/wp\/v2\/users\/7"}],"replies":[{"embeddable":true,"href":"https:\/\/www.kalahsystem.mx\/cursos\/wp-json\/wp\/v2\/comments?post=952"}],"version-history":[{"count":1,"href":"https:\/\/www.kalahsystem.mx\/cursos\/wp-json\/wp\/v2\/pages\/952\/revisions"}],"predecessor-version":[{"id":1107,"href":"https:\/\/www.kalahsystem.mx\/cursos\/wp-json\/wp\/v2\/pages\/952\/revisions\/1107"}],"wp:featuredmedia":[{"embeddable":true,"href":"https:\/\/www.kalahsystem.mx\/cursos\/wp-json\/wp\/v2\/media\/278"}],"wp:attachment":[{"href":"https:\/\/www.kalahsystem.mx\/cursos\/wp-json\/wp\/v2\/media?parent=952"}],"curies":[{"name":"wp","href":"https:\/\/api.w.org\/{rel}","templated":true}]}}