{"id":129,"date":"2020-05-02T10:57:34","date_gmt":"2020-05-02T16:57:34","guid":{"rendered":"https:\/\/www.kalahsystem.mx\/cursos\/?post_type=product&#038;p=129"},"modified":"2025-12-29T10:35:39","modified_gmt":"2025-12-29T16:35:39","slug":"curso-defensa-personal-enfrentamiento-de-calle-1","status":"publish","type":"product","link":"https:\/\/www.kalahsystem.mx\/cursos\/producto\/curso-defensa-personal-enfrentamiento-de-calle-1\/","title":{"rendered":"Enfrentamiento de calle"},"content":{"rendered":"<p>[vc_row type=\u00bbvc_default\u00bb full_width=\u00bbstretch_row\u00bb content_placement=\u00bbmiddle\u00bb bg_type=\u00bbimage\u00bb parallax_style=\u00bbvcpb-default\u00bb bg_image_new=\u00bbid^277|url^https:\/\/www.kalahsystem.mx\/cursos\/wp-content\/uploads\/2020\/05\/curso-de-defensa-personal.jpg|caption^null|alt^null|title^curso de defensa personal|description^null\u00bb bg_img_attach=\u00bbfixed\u00bb bg_override=\u00bbex-full\u00bb][vc_column width=\u00bb2\/3&#8243;][vc_empty_space][vc_column_text]<\/p>\n<h1><span style=\"color: #00ccff; font-size: 18pt;\"><strong data-start=\"193\" data-end=\"252\">CURSO DIGITAL DE DEFENSA PERSONAL<\/strong><\/span><\/h1>\n<h2 style=\"text-align: justify;\"><span style=\"color: #ffffff; font-size: 18pt;\">KALAH COMBAT SYSTEM<\/span><\/h2>\n<p style=\"text-align: justify;\"><span style=\"color: #ffffff;\">No esperes a que el peligro llegue: <strong data-start=\"291\" data-end=\"364\">aprende a detectarlo y neutralizarlo antes de que sea demasiado tarde<\/strong>. Este curso te ense\u00f1a a manejar conflictos con <strong data-start=\"412\" data-end=\"447\">control, precisi\u00f3n y estrategia<\/strong>, tomando en cuenta todos los factores que pueden poner tu vida en riesgo. Desarrolla habilidades para <strong data-start=\"550\" data-end=\"596\">sobrevivir y mantenerte seguro en la calle<\/strong>, con t\u00e9cnicas que realmente funcionan en situaciones reales.<\/span><\/p>\n<p style=\"text-align: justify;\"><span style=\"color: #ffffff;\"><strong>\u201cQuien domina la t\u00e1ctica, domina el conflicto\u201d.<\/strong><\/span><\/p>\n<p>[\/vc_column_text][vc_empty_space]<style type=\"text\/css\" data-type=\"the7_shortcodes-inline-css\">#default-btn-00e5cbd6de1cdc37117e22b9d304ce11.ico-right-side > i {\n  margin-right: 0px;\n  margin-left: 8px;\n}\n#default-btn-00e5cbd6de1cdc37117e22b9d304ce11 > i {\n  margin-right: 8px;\n}<\/style><div class=\"btn-align-center\"><a href=\"https:\/\/www.kalahsystem.mx\/cursos\/curso\/enfrentamiento-de-calle\/\" class=\"default-btn-shortcode dt-btn dt-btn-l link-hover-off full-width-btn \" id=\"default-btn-00e5cbd6de1cdc37117e22b9d304ce11\" title=\"Enfrentamiento de calle\"><span>INGRESAR AHORA<\/span><\/a><\/div>[vc_empty_space][\/vc_column][vc_column width=\u00bb1\/3&#8243; offset=\u00bbvc_hidden-sm vc_hidden-xs\u00bb][\/vc_column][\/vc_row][vc_row][vc_column width=\u00bb3\/4&#8243;][vc_row_inner][vc_column_inner width=\u00bb2\/3&#8243;][vc_video link=\u00bbhttps:\/\/youtu.be\/u8bWYExdQrw\u00bb align=\u00bbcenter\u00bb][\/vc_column_inner][vc_column_inner width=\u00bb1\/3&#8243;][vc_column_text]<\/p>\n<p style=\"text-align: justify;\" data-start=\"126\" data-end=\"279\"><span style=\"font-size: 10pt;\">Aunque vivimos en un mundo moderno, el peligro <strong data-start=\"173\" data-end=\"193\">nunca desaparece<\/strong>. En cualquier momento puede surgir un conflicto f\u00edsico que ponga tu vida en riesgo:<\/span><\/p>\n<ul style=\"list-style-type: circle;\">\n<li data-start=\"283\" data-end=\"329\"><strong><span style=\"font-size: 10pt;\">Asaltos en la calle o transporte p\u00fablico<\/span><\/strong><\/li>\n<li data-start=\"330\" data-end=\"379\">\n<p data-start=\"332\" data-end=\"379\"><strong><span style=\"font-size: 10pt;\">Intentos de secuestro o robos en tu hogar<\/span><\/strong><\/p>\n<\/li>\n<li data-start=\"380\" data-end=\"419\">\n<p data-start=\"382\" data-end=\"419\"><strong><span style=\"font-size: 10pt;\">Violencia dom\u00e9stica o de g\u00e9nero<\/span><\/strong><\/p>\n<\/li>\n<li data-start=\"420\" data-end=\"468\">\n<p data-start=\"422\" data-end=\"468\"><strong><span style=\"font-size: 10pt;\">Agresiones en bares, fiestas o reuniones<\/span><\/strong><\/p>\n<\/li>\n<li data-start=\"469\" data-end=\"523\">\n<p data-start=\"471\" data-end=\"523\"><strong><span style=\"font-size: 10pt;\">Acoso o ataques en espacios p\u00fablicos<\/span><\/strong><\/p>\n<\/li>\n<li data-start=\"524\" data-end=\"581\">\n<p data-start=\"526\" data-end=\"581\"><strong><span style=\"font-size: 10pt;\">Situaciones de abuso sexual<\/span><\/strong><\/p>\n<\/li>\n<\/ul>\n<p>[\/vc_column_text][\/vc_column_inner][\/vc_row_inner][vc_row_inner][vc_column_inner][vc_column_text]<\/p>\n<h3 style=\"text-align: justify;\"><span style=\"color: #00ccff;\">Saber <strong data-start=\"263\" data-end=\"347\">prevenir situaciones de riesgo y reaccionar con claridad y decisi\u00f3n bajo presi\u00f3n<\/strong> puede marcar la diferencia entre salir ileso o sufrir graves consecuencias.<\/span><\/h3>\n<p>[\/vc_column_text][\/vc_column_inner][\/vc_row_inner][vc_row_inner][vc_column_inner width=\u00bb1\/2&#8243;][vc_column_text]<\/p>\n<h3><span style=\"color: #00ccff;\">Te capacitamos para sobrevivir<\/span><\/h3>\n<p style=\"text-align: justify;\">Somos <strong data-start=\"170\" data-end=\"193\">KALAH SYSTEM M\u00c9XICO<\/strong> y te presentamos nuestro <strong data-start=\"219\" data-end=\"256\">Curso de Defensa Personal Digital<\/strong>. Llevamos la experiencia de nuestras clases presenciales a un formato <strong data-start=\"327\" data-end=\"342\" data-is-only-node=\"\">100% online<\/strong>, ense\u00f1\u00e1ndote a <strong data-start=\"358\" data-end=\"463\">identificar amenazas, prevenir riesgos y dominar t\u00e9cnicas de control en situaciones de conflicto real<\/strong>. Cada movimiento se desglosa con detalle para que aprendas a <strong data-start=\"525\" data-end=\"587\">posicionarte correctamente y reaccionar de manera efectiva<\/strong>.<\/p>\n<p>[\/vc_column_text][\/vc_column_inner][vc_column_inner width=\u00bb1\/2&#8243;][vc_single_image image=\u00bb287&#8243; img_size=\u00bbfull\u00bb alignment=\u00bbcenter\u00bb][\/vc_column_inner][\/vc_row_inner][vc_row_inner][vc_column_inner width=\u00bb1\/2&#8243;][vc_single_image image=\u00bb286&#8243; img_size=\u00bbfull\u00bb alignment=\u00bbcenter\u00bb][\/vc_column_inner][vc_column_inner width=\u00bb1\/2&#8243;][vc_column_text]<\/p>\n<h3 style=\"text-align: justify;\"><span style=\"color: #00ccff;\">\u00bfC\u00f3mo se imparte tu aprendizaje?<\/span><\/h3>\n<p style=\"text-align: justify;\">Acceder\u00e1s a una plataforma especial la cual contendr\u00e1 todo el listado de las lecciones de cada m\u00f3dulo, puedes revisar tu progreso en cada paso, tendr\u00e1s acceso a material te\u00f3rico donde te compartiremos ense\u00f1anzas, t\u00e9cnicas y t\u00e1cticas para enfrentar situaciones de enfrentamientos callejeros reales.<\/p>\n<h3 class=\"tutor-course-details-widget-title tutor-fs-5 tutor-fw-bold tutor-color-black tutor-mb-16\">\u00bfQu\u00e9 aprender\u00e1s?<\/h3>\n<ul style=\"list-style-type: circle;\">\n<li>Detectar y evitar situaciones de peligro<\/li>\n<li>Manejo T\u00e1ctico Del Conflicto<\/li>\n<li>Principios de la protecci\u00f3n y defensa personal<\/li>\n<li>Teorema inicial de Kalah Combat System<\/li>\n<li>Enfrentamientos din armas<\/li>\n<li>Defensa contra golpes<\/li>\n<li>Defensas contra agarres<\/li>\n<\/ul>\n<h5 style=\"text-align: left;\"><span style=\"font-size: 10pt; color: #ff6600;\"><em><strong>Un compa\u00f1ero te permitir\u00e1 trabajar de manera completa.<\/strong><\/em><\/span><\/h5>\n<p>[\/vc_column_text][\/vc_column_inner][\/vc_row_inner][vc_row_inner content_placement=\u00bbmiddle\u00bb css=\u00bb.vc_custom_1589506101638{background-color: #000000 !important;border-radius: 10px !important;}\u00bb][vc_column_inner width=\u00bb1\/3&#8243;][vc_single_image image=\u00bb1126&#8243; img_size=\u00bbfull\u00bb][\/vc_column_inner][vc_column_inner width=\u00bb2\/3&#8243;][vc_column_text]<\/p>\n<h3 style=\"text-align: justify;\"><span style=\"color: #00ccff;\">INSTRUCTOR IVAN CAUSILLAS<\/span><\/h3>\n<p style=\"text-align: justify;\"><span style=\"color: #ffffff;\">Iv\u00e1n Causillas es <strong data-start=\"219\" data-end=\"268\">Instructor Certificado de KALAH Combat System<\/strong> con m\u00e1s de <strong data-start=\"280\" data-end=\"341\">34 a\u00f1os de experiencia en seguridad y protecci\u00f3n personal<\/strong>. Su trayectoria combina a\u00f1os como <strong data-start=\"376\" data-end=\"433\" data-is-only-node=\"\">polic\u00eda operativo e instructor en divisiones t\u00e1cticas<\/strong>, junto con funciones en <strong data-start=\"458\" data-end=\"511\">servicios de inteligencia de la Armada venezolana<\/strong> y formaci\u00f3n militar. Ha sido responsable de la <strong data-start=\"568\" data-end=\"651\">protecci\u00f3n de altos funcionarios pol\u00edticos y personalidades del medio art\u00edstico<\/strong>, desarrollando estrategias de seguridad realistas y efectivas. Su enfoque no es deportivo ni convencional; es <strong data-start=\"762\" data-end=\"816\">funcional, t\u00e1ctico y basado en experiencias reales<\/strong>, ense\u00f1ando defensa personal aplicada a situaciones de riesgo aut\u00e9nticas y cotidianas, con m\u00e9todos claros, precisos y altamente efectivos.<\/span><\/p>\n<p>[\/vc_column_text][\/vc_column_inner][\/vc_row_inner][\/vc_column][vc_column width=\u00bb1\/4&#8243;]<div class=\"ult_row_spacer\"><div class=\"ult-sticky-anchor\"><div class=\"ult-sticky-section ult-sticky \"  data-gutter= '20' data-stick_behaviour= 'stick_with_scroll_row'  data-sticky_position= 'top' data-mobile='no' data-support='no'>[vc_single_image image=\u00bb1128&#8243; img_size=\u00bbfull\u00bb alignment=\u00bbcenter\u00bb style=\u00bbvc_box_rounded\u00bb]<div class=\"standard-arrow bullet-top\"><ul>\n<li><strong>6 M\u00f3dulos dedicados a la pr\u00e1ctica<\/strong><\/li>\n<li><strong>2 M\u00f3dulos dedicados a la teor\u00eda<\/strong><\/li>\n<li><strong>M\u00e1s de 40 t\u00e9cnicas en video<\/strong><\/li>\n<li><strong>Acceso por seis meses<\/strong><\/li>\n<li><strong>Evaluaci\u00f3n en directo al finalizar<\/strong><\/li>\n<li><strong>Constancia de haber cumplido el programa<\/strong><\/li>\n<li><strong>PayPal acceso inmediato<\/strong><\/li>\n<li><strong>Acceso a comunidad privada<\/strong><\/li>\n<li><span style=\"color: #00ccff;\"><strong>RESOLVEMOS TUS DUDAS<\/strong><\/span><\/li>\n<\/ul>\n<\/div>[vc_column_text css=\u00bb.vc_custom_1759287299336{margin-bottom: 0px !important;padding-top: 10px !important;padding-bottom: 0px !important;}\u00bb]<\/p>\n<h2 style=\"text-align: center;\"><span style=\"color: #99cc00;\">$75.00 USD<\/span><\/h2>\n<p style=\"text-align: center;\"><span style=\"color: #ff0000;\"><del>Precio normal $120 USD<\/del><\/span><\/p>\n<p>[\/vc_column_text][vc_row_inner][vc_column_inner width=\u00bb1\/6&#8243;][\/vc_column_inner][vc_column_inner width=\u00bb2\/3&#8243;][vc_single_image image=\u00bb283&#8243; img_size=\u00bbfull\u00bb alignment=\u00bbcenter\u00bb][\/vc_column_inner][\/vc_row_inner][vc_btn title=\u00bbCOMPRAR\u00bb style=\u00bbclassic\u00bb shape=\u00bbsquare\u00bb color=\u00bbinverse\u00bb size=\u00bblg\u00bb align=\u00bbcenter\u00bb i_align=\u00bbright\u00bb i_icon_fontawesome=\u00bbfar fa-money-bill-alt\u00bb button_block=\u00bbtrue\u00bb add_icon=\u00bbtrue\u00bb smooth_scroll=\u00bbtrue\u00bb link=\u00bburl:https%3A%2F%2Fwww.kalahsystem.mx%2Fcursos%2Fproducto%2Fcurso-defensa-personal-enfrentamiento-de-calle-1%2F%3Fadd-to-cart%3D129|title:KALAH%20SYSTEM%3A%20Inicio%20a%20la%20protecci%C3%B3n%20personal\u00bb]<\/div><div class=\"ult-space\"><\/div><\/div><\/div>[\/vc_column][\/vc_row]<\/p>\n","protected":false},"excerpt":{"rendered":"<p>[vc_row type=\u00bbvc_default\u00bb full_width=\u00bbstretch_row\u00bb content_placement=\u00bbmiddle\u00bb bg_type=\u00bbimage\u00bb parallax_style=\u00bbvcpb-default\u00bb bg_image_new=\u00bbid^277|url^https:\/\/www.kalahsystem.mx\/cursos\/wp-content\/uploads\/2020\/05\/curso-de-defensa-personal.jpg|caption^null|alt^null|title^curso de defensa personal|description^null\u00bb bg_img_attach=\u00bbfixed\u00bb bg_override=\u00bbex-full\u00bb][vc_column width=\u00bb2\/3&#8243;][vc_empty_space][vc_column_text] CURSO DIGITAL DE DEFENSA PERSONAL KALAH COMBAT SYSTEM No esperes a que el peligro llegue: aprende a detectarlo y neutralizarlo antes de que sea demasiado tarde. Este curso te ense\u00f1a a manejar conflictos con control, precisi\u00f3n y estrategia, tomando en cuenta todos&hellip;<\/p>\n","protected":false},"featured_media":276,"template":"","meta":{"pmpro_default_level":"","_joinchat":[]},"product_brand":[],"product_cat":[17],"product_tag":[],"class_list":{"0":"post-129","1":"product","2":"type-product","3":"status-publish","4":"has-post-thumbnail","6":"product_cat-cursos-online","7":"pmpro-has-access","8":"description-off","10":"first","11":"instock","12":"sale","13":"sold-individually","14":"shipping-taxable","15":"purchasable","16":"product-type-simple"},"yoast_head":"<!-- This site is optimized with the Yoast SEO plugin v26.6 - https:\/\/yoast.com\/wordpress\/plugins\/seo\/ -->\n<title>CURSO DIGITAL DE DEFENSA PERSONAL<\/title>\n<meta name=\"description\" content=\"Curso Digital de Defensa Personal | Enfrentamientos de Calle, desarrollo t\u00e9cnico y t\u00e1ctico de un enfrentamiento sin armas de Kalah System.\" \/>\n<meta name=\"robots\" content=\"index, follow, max-snippet:-1, max-image-preview:large, max-video-preview:-1\" \/>\n<link rel=\"canonical\" href=\"https:\/\/www.kalahsystem.mx\/cursos\/producto\/curso-defensa-personal-enfrentamiento-de-calle-1\/\" \/>\n<meta property=\"og:locale\" content=\"es_ES\" \/>\n<meta property=\"og:type\" content=\"article\" \/>\n<meta property=\"og:title\" content=\"CURSO DIGITAL DE DEFENSA PERSONAL\" \/>\n<meta property=\"og:description\" content=\"Curso Digital de Defensa Personal | Enfrentamientos de Calle, desarrollo t\u00e9cnico y t\u00e1ctico de un enfrentamiento sin armas de Kalah System.\" \/>\n<meta property=\"og:url\" content=\"https:\/\/www.kalahsystem.mx\/cursos\/producto\/curso-defensa-personal-enfrentamiento-de-calle-1\/\" \/>\n<meta property=\"og:site_name\" content=\"Kalah System MX Cursos\" \/>\n<meta property=\"article:modified_time\" content=\"2025-12-29T16:35:39+00:00\" \/>\n<meta property=\"og:image\" content=\"https:\/\/www.kalahsystem.mx\/cursos\/wp-content\/uploads\/2020\/05\/CURSO-DIGITAL-1024x1024.png\" \/>\n\t<meta property=\"og:image:width\" content=\"1024\" \/>\n\t<meta property=\"og:image:height\" content=\"1024\" \/>\n\t<meta property=\"og:image:type\" content=\"image\/png\" \/>\n<meta name=\"twitter:card\" content=\"summary_large_image\" \/>\n<meta name=\"twitter:label1\" content=\"Tiempo de lectura\" \/>\n\t<meta name=\"twitter:data1\" content=\"3 minutos\" \/>\n<script type=\"application\/ld+json\" class=\"yoast-schema-graph\">{\"@context\":\"https:\/\/schema.org\",\"@graph\":[{\"@type\":\"WebPage\",\"@id\":\"https:\/\/www.kalahsystem.mx\/cursos\/producto\/curso-defensa-personal-enfrentamiento-de-calle-1\/\",\"url\":\"https:\/\/www.kalahsystem.mx\/cursos\/producto\/curso-defensa-personal-enfrentamiento-de-calle-1\/\",\"name\":\"CURSO DIGITAL DE DEFENSA PERSONAL\",\"isPartOf\":{\"@id\":\"https:\/\/www.kalahsystem.mx\/cursos\/#website\"},\"primaryImageOfPage\":{\"@id\":\"https:\/\/www.kalahsystem.mx\/cursos\/producto\/curso-defensa-personal-enfrentamiento-de-calle-1\/#primaryimage\"},\"image\":{\"@id\":\"https:\/\/www.kalahsystem.mx\/cursos\/producto\/curso-defensa-personal-enfrentamiento-de-calle-1\/#primaryimage\"},\"thumbnailUrl\":\"https:\/\/www.kalahsystem.mx\/cursos\/wp-content\/uploads\/2020\/04\/Curso-online-en-defensa-personal.jpg\",\"datePublished\":\"2020-05-02T16:57:34+00:00\",\"dateModified\":\"2025-12-29T16:35:39+00:00\",\"description\":\"Curso Digital de Defensa Personal | Enfrentamientos de Calle, desarrollo t\u00e9cnico y t\u00e1ctico de un enfrentamiento sin armas de Kalah System.\",\"breadcrumb\":{\"@id\":\"https:\/\/www.kalahsystem.mx\/cursos\/producto\/curso-defensa-personal-enfrentamiento-de-calle-1\/#breadcrumb\"},\"inLanguage\":\"es\",\"potentialAction\":[{\"@type\":\"ReadAction\",\"target\":[\"https:\/\/www.kalahsystem.mx\/cursos\/producto\/curso-defensa-personal-enfrentamiento-de-calle-1\/\"]}]},{\"@type\":\"ImageObject\",\"inLanguage\":\"es\",\"@id\":\"https:\/\/www.kalahsystem.mx\/cursos\/producto\/curso-defensa-personal-enfrentamiento-de-calle-1\/#primaryimage\",\"url\":\"https:\/\/www.kalahsystem.mx\/cursos\/wp-content\/uploads\/2020\/04\/Curso-online-en-defensa-personal.jpg\",\"contentUrl\":\"https:\/\/www.kalahsystem.mx\/cursos\/wp-content\/uploads\/2020\/04\/Curso-online-en-defensa-personal.jpg\",\"width\":555,\"height\":555,\"caption\":\"Curso Defensa Personal\"},{\"@type\":\"BreadcrumbList\",\"@id\":\"https:\/\/www.kalahsystem.mx\/cursos\/producto\/curso-defensa-personal-enfrentamiento-de-calle-1\/#breadcrumb\",\"itemListElement\":[{\"@type\":\"ListItem\",\"position\":1,\"name\":\"Portada\",\"item\":\"https:\/\/www.kalahsystem.mx\/cursos\/\"},{\"@type\":\"ListItem\",\"position\":2,\"name\":\"Tienda\",\"item\":\"https:\/\/www.kalahsystem.mx\/cursos\/tienda\/\"},{\"@type\":\"ListItem\",\"position\":3,\"name\":\"Enfrentamiento de calle\"}]},{\"@type\":\"WebSite\",\"@id\":\"https:\/\/www.kalahsystem.mx\/cursos\/#website\",\"url\":\"https:\/\/www.kalahsystem.mx\/cursos\/\",\"name\":\"Kalah System MX Cursos\",\"description\":\"\",\"potentialAction\":[{\"@type\":\"SearchAction\",\"target\":{\"@type\":\"EntryPoint\",\"urlTemplate\":\"https:\/\/www.kalahsystem.mx\/cursos\/?s={search_term_string}\"},\"query-input\":{\"@type\":\"PropertyValueSpecification\",\"valueRequired\":true,\"valueName\":\"search_term_string\"}}],\"inLanguage\":\"es\"}]}<\/script>\n<!-- \/ Yoast SEO plugin. -->","yoast_head_json":{"title":"CURSO DIGITAL DE DEFENSA PERSONAL","description":"Curso Digital de Defensa Personal | Enfrentamientos de Calle, desarrollo t\u00e9cnico y t\u00e1ctico de un enfrentamiento sin armas de Kalah System.","robots":{"index":"index","follow":"follow","max-snippet":"max-snippet:-1","max-image-preview":"max-image-preview:large","max-video-preview":"max-video-preview:-1"},"canonical":"https:\/\/www.kalahsystem.mx\/cursos\/producto\/curso-defensa-personal-enfrentamiento-de-calle-1\/","og_locale":"es_ES","og_type":"article","og_title":"CURSO DIGITAL DE DEFENSA PERSONAL","og_description":"Curso Digital de Defensa Personal | Enfrentamientos de Calle, desarrollo t\u00e9cnico y t\u00e1ctico de un enfrentamiento sin armas de Kalah System.","og_url":"https:\/\/www.kalahsystem.mx\/cursos\/producto\/curso-defensa-personal-enfrentamiento-de-calle-1\/","og_site_name":"Kalah System MX Cursos","article_modified_time":"2025-12-29T16:35:39+00:00","og_image":[{"width":1024,"height":1024,"url":"https:\/\/www.kalahsystem.mx\/cursos\/wp-content\/uploads\/2020\/05\/CURSO-DIGITAL-1024x1024.png","type":"image\/png"}],"twitter_card":"summary_large_image","twitter_misc":{"Tiempo de lectura":"3 minutos"},"schema":{"@context":"https:\/\/schema.org","@graph":[{"@type":"WebPage","@id":"https:\/\/www.kalahsystem.mx\/cursos\/producto\/curso-defensa-personal-enfrentamiento-de-calle-1\/","url":"https:\/\/www.kalahsystem.mx\/cursos\/producto\/curso-defensa-personal-enfrentamiento-de-calle-1\/","name":"CURSO DIGITAL DE DEFENSA PERSONAL","isPartOf":{"@id":"https:\/\/www.kalahsystem.mx\/cursos\/#website"},"primaryImageOfPage":{"@id":"https:\/\/www.kalahsystem.mx\/cursos\/producto\/curso-defensa-personal-enfrentamiento-de-calle-1\/#primaryimage"},"image":{"@id":"https:\/\/www.kalahsystem.mx\/cursos\/producto\/curso-defensa-personal-enfrentamiento-de-calle-1\/#primaryimage"},"thumbnailUrl":"https:\/\/www.kalahsystem.mx\/cursos\/wp-content\/uploads\/2020\/04\/Curso-online-en-defensa-personal.jpg","datePublished":"2020-05-02T16:57:34+00:00","dateModified":"2025-12-29T16:35:39+00:00","description":"Curso Digital de Defensa Personal | Enfrentamientos de Calle, desarrollo t\u00e9cnico y t\u00e1ctico de un enfrentamiento sin armas de Kalah System.","breadcrumb":{"@id":"https:\/\/www.kalahsystem.mx\/cursos\/producto\/curso-defensa-personal-enfrentamiento-de-calle-1\/#breadcrumb"},"inLanguage":"es","potentialAction":[{"@type":"ReadAction","target":["https:\/\/www.kalahsystem.mx\/cursos\/producto\/curso-defensa-personal-enfrentamiento-de-calle-1\/"]}]},{"@type":"ImageObject","inLanguage":"es","@id":"https:\/\/www.kalahsystem.mx\/cursos\/producto\/curso-defensa-personal-enfrentamiento-de-calle-1\/#primaryimage","url":"https:\/\/www.kalahsystem.mx\/cursos\/wp-content\/uploads\/2020\/04\/Curso-online-en-defensa-personal.jpg","contentUrl":"https:\/\/www.kalahsystem.mx\/cursos\/wp-content\/uploads\/2020\/04\/Curso-online-en-defensa-personal.jpg","width":555,"height":555,"caption":"Curso Defensa Personal"},{"@type":"BreadcrumbList","@id":"https:\/\/www.kalahsystem.mx\/cursos\/producto\/curso-defensa-personal-enfrentamiento-de-calle-1\/#breadcrumb","itemListElement":[{"@type":"ListItem","position":1,"name":"Portada","item":"https:\/\/www.kalahsystem.mx\/cursos\/"},{"@type":"ListItem","position":2,"name":"Tienda","item":"https:\/\/www.kalahsystem.mx\/cursos\/tienda\/"},{"@type":"ListItem","position":3,"name":"Enfrentamiento de calle"}]},{"@type":"WebSite","@id":"https:\/\/www.kalahsystem.mx\/cursos\/#website","url":"https:\/\/www.kalahsystem.mx\/cursos\/","name":"Kalah System MX Cursos","description":"","potentialAction":[{"@type":"SearchAction","target":{"@type":"EntryPoint","urlTemplate":"https:\/\/www.kalahsystem.mx\/cursos\/?s={search_term_string}"},"query-input":{"@type":"PropertyValueSpecification","valueRequired":true,"valueName":"search_term_string"}}],"inLanguage":"es"}]}},"_links":{"self":[{"href":"https:\/\/www.kalahsystem.mx\/cursos\/wp-json\/wp\/v2\/product\/129","targetHints":{"allow":["GET"]}}],"collection":[{"href":"https:\/\/www.kalahsystem.mx\/cursos\/wp-json\/wp\/v2\/product"}],"about":[{"href":"https:\/\/www.kalahsystem.mx\/cursos\/wp-json\/wp\/v2\/types\/product"}],"wp:featuredmedia":[{"embeddable":true,"href":"https:\/\/www.kalahsystem.mx\/cursos\/wp-json\/wp\/v2\/media\/276"}],"wp:attachment":[{"href":"https:\/\/www.kalahsystem.mx\/cursos\/wp-json\/wp\/v2\/media?parent=129"}],"wp:term":[{"taxonomy":"product_brand","embeddable":true,"href":"https:\/\/www.kalahsystem.mx\/cursos\/wp-json\/wp\/v2\/product_brand?post=129"},{"taxonomy":"product_cat","embeddable":true,"href":"https:\/\/www.kalahsystem.mx\/cursos\/wp-json\/wp\/v2\/product_cat?post=129"},{"taxonomy":"product_tag","embeddable":true,"href":"https:\/\/www.kalahsystem.mx\/cursos\/wp-json\/wp\/v2\/product_tag?post=129"}],"curies":[{"name":"wp","href":"https:\/\/api.w.org\/{rel}","templated":true}]}}